{"id":5486,"date":"2022-11-15T15:13:38","date_gmt":"2022-11-15T14:13:38","guid":{"rendered":"https:\/\/sodiaal.coop\/60-ans-dhistoire\/"},"modified":"2023-11-03T14:21:45","modified_gmt":"2023-11-03T13:21:45","slug":"60-years-of-history","status":"publish","type":"page","link":"https:\/\/sodiaal.coop\/en\/60-years-of-history\/","title":{"rendered":"60 years of history"},"content":{"rendered":"","protected":false},"excerpt":{"rendered":"","protected":false},"author":3,"featured_media":5665,"parent":0,"menu_order":0,"comment_status":"closed","ping_status":"closed","template":"","meta":{"_acf_changed":false,"_et_pb_use_builder":"","_et_pb_old_content":"","_et_gb_content_width":"","footnotes":""},"class_list":["post-5486","page","type-page","status-publish","has-post-thumbnail","hentry"],"acf":[],"yoast_head":"<!-- This site is optimized with the Yoast SEO plugin v27.3 - https:\/\/yoast.com\/product\/yoast-seo-wordpress\/ -->\n<title>60 years of history | Sodiaal<\/title>\n<meta name=\"description\" content=\"60 years of history, cooperation, innovation and work in order to create a new, more equitable age of nutrition with Sodiaal&#039;s farmers.\" \/>\n<meta name=\"robots\" content=\"index, follow, max-snippet:-1, max-image-preview:large, max-video-preview:-1\" \/>\n<link rel=\"canonical\" href=\"https:\/\/sodiaal.coop\/en\/60-years-of-history\/\" \/>\n<meta property=\"og:locale\" content=\"en_US\" \/>\n<meta property=\"og:type\" content=\"article\" \/>\n<meta property=\"og:title\" content=\"60 years of history | Sodiaal\" \/>\n<meta property=\"og:description\" content=\"60 years of history, cooperation, innovation and work in order to create a new, more equitable age of nutrition with Sodiaal&#039;s farmers.\" \/>\n<meta property=\"og:url\" content=\"https:\/\/sodiaal.coop\/en\/60-years-of-history\/\" \/>\n<meta property=\"og:site_name\" content=\"Sodiaal\" \/>\n<meta property=\"article:publisher\" content=\"https:\/\/www.facebook.com\/SodiaalCoop\/\" \/>\n<meta property=\"article:modified_time\" content=\"2023-11-03T13:21:45+00:00\" \/>\n<meta property=\"og:image\" content=\"https:\/\/sodiaal.coop\/wp-content\/uploads\/2022\/11\/60-ans-d_histoire.jpg\" \/>\n\t<meta property=\"og:image:width\" content=\"1950\" \/>\n\t<meta property=\"og:image:height\" content=\"853\" \/>\n\t<meta property=\"og:image:type\" content=\"image\/jpeg\" \/>\n<meta name=\"twitter:card\" content=\"summary_large_image\" \/>\n<meta name=\"twitter:site\" content=\"@SodiaalCoop\" \/>\n<script type=\"application\/ld+json\" class=\"yoast-schema-graph\">{\"@context\":\"https:\\\/\\\/schema.org\",\"@graph\":[{\"@type\":\"WebPage\",\"@id\":\"https:\\\/\\\/sodiaal.coop\\\/en\\\/60-years-of-history\\\/\",\"url\":\"https:\\\/\\\/sodiaal.coop\\\/en\\\/60-years-of-history\\\/\",\"name\":\"60 years of history | Sodiaal\",\"isPartOf\":{\"@id\":\"https:\\\/\\\/sodiaal.coop\\\/en\\\/#website\"},\"primaryImageOfPage\":{\"@id\":\"https:\\\/\\\/sodiaal.coop\\\/en\\\/60-years-of-history\\\/#primaryimage\"},\"image\":{\"@id\":\"https:\\\/\\\/sodiaal.coop\\\/en\\\/60-years-of-history\\\/#primaryimage\"},\"thumbnailUrl\":\"https:\\\/\\\/sodiaal.coop\\\/wp-content\\\/uploads\\\/2022\\\/11\\\/60-ans-d_histoire.jpg\",\"datePublished\":\"2022-11-15T14:13:38+00:00\",\"dateModified\":\"2023-11-03T13:21:45+00:00\",\"description\":\"60 years of history, cooperation, innovation and work in order to create a new, more equitable age of nutrition with Sodiaal's farmers.\",\"breadcrumb\":{\"@id\":\"https:\\\/\\\/sodiaal.coop\\\/en\\\/60-years-of-history\\\/#breadcrumb\"},\"inLanguage\":\"en-US\",\"potentialAction\":[{\"@type\":\"ReadAction\",\"target\":[\"https:\\\/\\\/sodiaal.coop\\\/en\\\/60-years-of-history\\\/\"]}]},{\"@type\":\"ImageObject\",\"inLanguage\":\"en-US\",\"@id\":\"https:\\\/\\\/sodiaal.coop\\\/en\\\/60-years-of-history\\\/#primaryimage\",\"url\":\"https:\\\/\\\/sodiaal.coop\\\/wp-content\\\/uploads\\\/2022\\\/11\\\/60-ans-d_histoire.jpg\",\"contentUrl\":\"https:\\\/\\\/sodiaal.coop\\\/wp-content\\\/uploads\\\/2022\\\/11\\\/60-ans-d_histoire.jpg\",\"width\":1950,\"height\":853,\"caption\":\"histoire\"},{\"@type\":\"BreadcrumbList\",\"@id\":\"https:\\\/\\\/sodiaal.coop\\\/en\\\/60-years-of-history\\\/#breadcrumb\",\"itemListElement\":[{\"@type\":\"ListItem\",\"position\":1,\"name\":\"Accueil\",\"item\":\"https:\\\/\\\/sodiaal.coop\\\/en\\\/\"},{\"@type\":\"ListItem\",\"position\":2,\"name\":\"60 years of history\"}]},{\"@type\":\"WebSite\",\"@id\":\"https:\\\/\\\/sodiaal.coop\\\/en\\\/#website\",\"url\":\"https:\\\/\\\/sodiaal.coop\\\/en\\\/\",\"name\":\"Sodiaal\",\"description\":\"Engag\u00e9s pour le meilleur des terroirs laitiers\",\"publisher\":{\"@id\":\"https:\\\/\\\/sodiaal.coop\\\/en\\\/#organization\"},\"alternateName\":\"Coop\u00e9rative laiti\u00e8re fran\u00e7aise\",\"potentialAction\":[{\"@type\":\"SearchAction\",\"target\":{\"@type\":\"EntryPoint\",\"urlTemplate\":\"https:\\\/\\\/sodiaal.coop\\\/en\\\/?s={search_term_string}\"},\"query-input\":{\"@type\":\"PropertyValueSpecification\",\"valueRequired\":true,\"valueName\":\"search_term_string\"}}],\"inLanguage\":\"en-US\"},{\"@type\":\"Organization\",\"@id\":\"https:\\\/\\\/sodiaal.coop\\\/en\\\/#organization\",\"name\":\"Sodiaal\",\"alternateName\":\"Coop\u00e9rative laiti\u00e8re fran\u00e7aise\",\"url\":\"https:\\\/\\\/sodiaal.coop\\\/en\\\/\",\"logo\":{\"@type\":\"ImageObject\",\"inLanguage\":\"en-US\",\"@id\":\"https:\\\/\\\/sodiaal.coop\\\/en\\\/#\\\/schema\\\/logo\\\/image\\\/\",\"url\":\"https:\\\/\\\/sodiaal.coop\\\/wp-content\\\/uploads\\\/2022\\\/10\\\/Logo_Sodiaal.svg\",\"contentUrl\":\"https:\\\/\\\/sodiaal.coop\\\/wp-content\\\/uploads\\\/2022\\\/10\\\/Logo_Sodiaal.svg\",\"width\":433,\"height\":194,\"caption\":\"Sodiaal\"},\"image\":{\"@id\":\"https:\\\/\\\/sodiaal.coop\\\/en\\\/#\\\/schema\\\/logo\\\/image\\\/\"},\"sameAs\":[\"https:\\\/\\\/www.facebook.com\\\/SodiaalCoop\\\/\",\"https:\\\/\\\/x.com\\\/SodiaalCoop\",\"https:\\\/\\\/www.linkedin.com\\\/company\\\/sodiaal\\\/\",\"https:\\\/\\\/www.youtube.com\\\/@cooperativesodiaal3939\"]}]}<\/script>\n<!-- \/ Yoast SEO plugin. -->","yoast_head_json":{"title":"60 years of history | Sodiaal","description":"60 years of history, cooperation, innovation and work in order to create a new, more equitable age of nutrition with Sodiaal's farmers.","robots":{"index":"index","follow":"follow","max-snippet":"max-snippet:-1","max-image-preview":"max-image-preview:large","max-video-preview":"max-video-preview:-1"},"canonical":"https:\/\/sodiaal.coop\/en\/60-years-of-history\/","og_locale":"en_US","og_type":"article","og_title":"60 years of history | Sodiaal","og_description":"60 years of history, cooperation, innovation and work in order to create a new, more equitable age of nutrition with Sodiaal's farmers.","og_url":"https:\/\/sodiaal.coop\/en\/60-years-of-history\/","og_site_name":"Sodiaal","article_publisher":"https:\/\/www.facebook.com\/SodiaalCoop\/","article_modified_time":"2023-11-03T13:21:45+00:00","og_image":[{"width":1950,"height":853,"url":"https:\/\/sodiaal.coop\/wp-content\/uploads\/2022\/11\/60-ans-d_histoire.jpg","type":"image\/jpeg"}],"twitter_card":"summary_large_image","twitter_site":"@SodiaalCoop","schema":{"@context":"https:\/\/schema.org","@graph":[{"@type":"WebPage","@id":"https:\/\/sodiaal.coop\/en\/60-years-of-history\/","url":"https:\/\/sodiaal.coop\/en\/60-years-of-history\/","name":"60 years of history | Sodiaal","isPartOf":{"@id":"https:\/\/sodiaal.coop\/en\/#website"},"primaryImageOfPage":{"@id":"https:\/\/sodiaal.coop\/en\/60-years-of-history\/#primaryimage"},"image":{"@id":"https:\/\/sodiaal.coop\/en\/60-years-of-history\/#primaryimage"},"thumbnailUrl":"https:\/\/sodiaal.coop\/wp-content\/uploads\/2022\/11\/60-ans-d_histoire.jpg","datePublished":"2022-11-15T14:13:38+00:00","dateModified":"2023-11-03T13:21:45+00:00","description":"60 years of history, cooperation, innovation and work in order to create a new, more equitable age of nutrition with Sodiaal's farmers.","breadcrumb":{"@id":"https:\/\/sodiaal.coop\/en\/60-years-of-history\/#breadcrumb"},"inLanguage":"en-US","potentialAction":[{"@type":"ReadAction","target":["https:\/\/sodiaal.coop\/en\/60-years-of-history\/"]}]},{"@type":"ImageObject","inLanguage":"en-US","@id":"https:\/\/sodiaal.coop\/en\/60-years-of-history\/#primaryimage","url":"https:\/\/sodiaal.coop\/wp-content\/uploads\/2022\/11\/60-ans-d_histoire.jpg","contentUrl":"https:\/\/sodiaal.coop\/wp-content\/uploads\/2022\/11\/60-ans-d_histoire.jpg","width":1950,"height":853,"caption":"histoire"},{"@type":"BreadcrumbList","@id":"https:\/\/sodiaal.coop\/en\/60-years-of-history\/#breadcrumb","itemListElement":[{"@type":"ListItem","position":1,"name":"Accueil","item":"https:\/\/sodiaal.coop\/en\/"},{"@type":"ListItem","position":2,"name":"60 years of history"}]},{"@type":"WebSite","@id":"https:\/\/sodiaal.coop\/en\/#website","url":"https:\/\/sodiaal.coop\/en\/","name":"Sodiaal","description":"Engag\u00e9s pour le meilleur des terroirs laitiers","publisher":{"@id":"https:\/\/sodiaal.coop\/en\/#organization"},"alternateName":"Coop\u00e9rative laiti\u00e8re fran\u00e7aise","potentialAction":[{"@type":"SearchAction","target":{"@type":"EntryPoint","urlTemplate":"https:\/\/sodiaal.coop\/en\/?s={search_term_string}"},"query-input":{"@type":"PropertyValueSpecification","valueRequired":true,"valueName":"search_term_string"}}],"inLanguage":"en-US"},{"@type":"Organization","@id":"https:\/\/sodiaal.coop\/en\/#organization","name":"Sodiaal","alternateName":"Coop\u00e9rative laiti\u00e8re fran\u00e7aise","url":"https:\/\/sodiaal.coop\/en\/","logo":{"@type":"ImageObject","inLanguage":"en-US","@id":"https:\/\/sodiaal.coop\/en\/#\/schema\/logo\/image\/","url":"https:\/\/sodiaal.coop\/wp-content\/uploads\/2022\/10\/Logo_Sodiaal.svg","contentUrl":"https:\/\/sodiaal.coop\/wp-content\/uploads\/2022\/10\/Logo_Sodiaal.svg","width":433,"height":194,"caption":"Sodiaal"},"image":{"@id":"https:\/\/sodiaal.coop\/en\/#\/schema\/logo\/image\/"},"sameAs":["https:\/\/www.facebook.com\/SodiaalCoop\/","https:\/\/x.com\/SodiaalCoop","https:\/\/www.linkedin.com\/company\/sodiaal\/","https:\/\/www.youtube.com\/@cooperativesodiaal3939"]}]}},"_links":{"self":[{"href":"https:\/\/sodiaal.coop\/en\/wp-json\/wp\/v2\/pages\/5486","targetHints":{"allow":["GET"]}}],"collection":[{"href":"https:\/\/sodiaal.coop\/en\/wp-json\/wp\/v2\/pages"}],"about":[{"href":"https:\/\/sodiaal.coop\/en\/wp-json\/wp\/v2\/types\/page"}],"author":[{"embeddable":true,"href":"https:\/\/sodiaal.coop\/en\/wp-json\/wp\/v2\/users\/3"}],"replies":[{"embeddable":true,"href":"https:\/\/sodiaal.coop\/en\/wp-json\/wp\/v2\/comments?post=5486"}],"version-history":[{"count":0,"href":"https:\/\/sodiaal.coop\/en\/wp-json\/wp\/v2\/pages\/5486\/revisions"}],"wp:featuredmedia":[{"embeddable":true,"href":"https:\/\/sodiaal.coop\/en\/wp-json\/wp\/v2\/media\/5665"}],"wp:attachment":[{"href":"https:\/\/sodiaal.coop\/en\/wp-json\/wp\/v2\/media?parent=5486"}],"curies":[{"name":"wp","href":"https:\/\/api.w.org\/{rel}","templated":true}]}}