{"id":7866,"date":"2022-10-28T17:08:53","date_gmt":"2022-10-28T16:08:53","guid":{"rendered":"https:\/\/sodiaal.coop\/notre-gouvernance\/"},"modified":"2024-10-07T09:17:02","modified_gmt":"2024-10-07T08:17:02","slug":"our-gouvernance","status":"publish","type":"page","link":"https:\/\/sodiaal.coop\/en\/our-gouvernance\/","title":{"rendered":"Our governance"},"content":{"rendered":"","protected":false},"excerpt":{"rendered":"","protected":false},"author":3,"featured_media":22019,"parent":0,"menu_order":0,"comment_status":"closed","ping_status":"closed","template":"","meta":{"_acf_changed":false,"_et_pb_use_builder":"","_et_pb_old_content":"","_et_gb_content_width":"","footnotes":""},"class_list":["post-7866","page","type-page","status-publish","has-post-thumbnail","hentry"],"acf":[],"yoast_head":"<!-- This site is optimized with the Yoast SEO plugin v27.3 - https:\/\/yoast.com\/product\/yoast-seo-wordpress\/ -->\n<title>Our governance | Sodiaal<\/title>\n<meta name=\"robots\" content=\"index, follow, max-snippet:-1, max-image-preview:large, max-video-preview:-1\" \/>\n<link rel=\"canonical\" href=\"https:\/\/sodiaal.coop\/en\/our-gouvernance\/\" \/>\n<meta property=\"og:locale\" content=\"en_US\" \/>\n<meta property=\"og:type\" content=\"article\" \/>\n<meta property=\"og:title\" content=\"Our governance | Sodiaal\" \/>\n<meta property=\"og:url\" content=\"https:\/\/sodiaal.coop\/en\/our-gouvernance\/\" \/>\n<meta property=\"og:site_name\" content=\"Sodiaal\" \/>\n<meta property=\"article:publisher\" content=\"https:\/\/www.facebook.com\/SodiaalCoop\/\" \/>\n<meta property=\"article:modified_time\" content=\"2024-10-07T08:17:02+00:00\" \/>\n<meta property=\"og:image\" content=\"https:\/\/sodiaal.coop\/wp-content\/uploads\/2024\/08\/Design-sans-titre-12.png\" \/>\n\t<meta property=\"og:image:width\" content=\"1028\" \/>\n\t<meta property=\"og:image:height\" content=\"568\" \/>\n\t<meta property=\"og:image:type\" content=\"image\/png\" \/>\n<meta name=\"twitter:card\" content=\"summary_large_image\" \/>\n<meta name=\"twitter:site\" content=\"@SodiaalCoop\" \/>\n<script type=\"application\/ld+json\" class=\"yoast-schema-graph\">{\"@context\":\"https:\\\/\\\/schema.org\",\"@graph\":[{\"@type\":\"WebPage\",\"@id\":\"https:\\\/\\\/sodiaal.coop\\\/en\\\/our-gouvernance\\\/\",\"url\":\"https:\\\/\\\/sodiaal.coop\\\/en\\\/our-gouvernance\\\/\",\"name\":\"Our governance | Sodiaal\",\"isPartOf\":{\"@id\":\"https:\\\/\\\/sodiaal.coop\\\/en\\\/#website\"},\"primaryImageOfPage\":{\"@id\":\"https:\\\/\\\/sodiaal.coop\\\/en\\\/our-gouvernance\\\/#primaryimage\"},\"image\":{\"@id\":\"https:\\\/\\\/sodiaal.coop\\\/en\\\/our-gouvernance\\\/#primaryimage\"},\"thumbnailUrl\":\"https:\\\/\\\/sodiaal.coop\\\/wp-content\\\/uploads\\\/2024\\\/08\\\/Design-sans-titre-12.png\",\"datePublished\":\"2022-10-28T16:08:53+00:00\",\"dateModified\":\"2024-10-07T08:17:02+00:00\",\"breadcrumb\":{\"@id\":\"https:\\\/\\\/sodiaal.coop\\\/en\\\/our-gouvernance\\\/#breadcrumb\"},\"inLanguage\":\"en-US\",\"potentialAction\":[{\"@type\":\"ReadAction\",\"target\":[\"https:\\\/\\\/sodiaal.coop\\\/en\\\/our-gouvernance\\\/\"]}]},{\"@type\":\"ImageObject\",\"inLanguage\":\"en-US\",\"@id\":\"https:\\\/\\\/sodiaal.coop\\\/en\\\/our-gouvernance\\\/#primaryimage\",\"url\":\"https:\\\/\\\/sodiaal.coop\\\/wp-content\\\/uploads\\\/2024\\\/08\\\/Design-sans-titre-12.png\",\"contentUrl\":\"https:\\\/\\\/sodiaal.coop\\\/wp-content\\\/uploads\\\/2024\\\/08\\\/Design-sans-titre-12.png\",\"width\":1028,\"height\":568,\"caption\":\"une gouvernance par et pour les \u00e9leveurs chez Sodiaal\"},{\"@type\":\"BreadcrumbList\",\"@id\":\"https:\\\/\\\/sodiaal.coop\\\/en\\\/our-gouvernance\\\/#breadcrumb\",\"itemListElement\":[{\"@type\":\"ListItem\",\"position\":1,\"name\":\"Accueil\",\"item\":\"https:\\\/\\\/sodiaal.coop\\\/en\\\/\"},{\"@type\":\"ListItem\",\"position\":2,\"name\":\"Our governance\"}]},{\"@type\":\"WebSite\",\"@id\":\"https:\\\/\\\/sodiaal.coop\\\/en\\\/#website\",\"url\":\"https:\\\/\\\/sodiaal.coop\\\/en\\\/\",\"name\":\"Sodiaal\",\"description\":\"Engag\u00e9s pour le meilleur des terroirs laitiers\",\"publisher\":{\"@id\":\"https:\\\/\\\/sodiaal.coop\\\/en\\\/#organization\"},\"alternateName\":\"Coop\u00e9rative laiti\u00e8re fran\u00e7aise\",\"potentialAction\":[{\"@type\":\"SearchAction\",\"target\":{\"@type\":\"EntryPoint\",\"urlTemplate\":\"https:\\\/\\\/sodiaal.coop\\\/en\\\/?s={search_term_string}\"},\"query-input\":{\"@type\":\"PropertyValueSpecification\",\"valueRequired\":true,\"valueName\":\"search_term_string\"}}],\"inLanguage\":\"en-US\"},{\"@type\":\"Organization\",\"@id\":\"https:\\\/\\\/sodiaal.coop\\\/en\\\/#organization\",\"name\":\"Sodiaal\",\"alternateName\":\"Coop\u00e9rative laiti\u00e8re fran\u00e7aise\",\"url\":\"https:\\\/\\\/sodiaal.coop\\\/en\\\/\",\"logo\":{\"@type\":\"ImageObject\",\"inLanguage\":\"en-US\",\"@id\":\"https:\\\/\\\/sodiaal.coop\\\/en\\\/#\\\/schema\\\/logo\\\/image\\\/\",\"url\":\"https:\\\/\\\/sodiaal.coop\\\/wp-content\\\/uploads\\\/2022\\\/10\\\/Logo_Sodiaal.svg\",\"contentUrl\":\"https:\\\/\\\/sodiaal.coop\\\/wp-content\\\/uploads\\\/2022\\\/10\\\/Logo_Sodiaal.svg\",\"width\":433,\"height\":194,\"caption\":\"Sodiaal\"},\"image\":{\"@id\":\"https:\\\/\\\/sodiaal.coop\\\/en\\\/#\\\/schema\\\/logo\\\/image\\\/\"},\"sameAs\":[\"https:\\\/\\\/www.facebook.com\\\/SodiaalCoop\\\/\",\"https:\\\/\\\/x.com\\\/SodiaalCoop\",\"https:\\\/\\\/www.linkedin.com\\\/company\\\/sodiaal\\\/\",\"https:\\\/\\\/www.youtube.com\\\/@cooperativesodiaal3939\"]}]}<\/script>\n<!-- \/ Yoast SEO plugin. -->","yoast_head_json":{"title":"Our governance | Sodiaal","robots":{"index":"index","follow":"follow","max-snippet":"max-snippet:-1","max-image-preview":"max-image-preview:large","max-video-preview":"max-video-preview:-1"},"canonical":"https:\/\/sodiaal.coop\/en\/our-gouvernance\/","og_locale":"en_US","og_type":"article","og_title":"Our governance | Sodiaal","og_url":"https:\/\/sodiaal.coop\/en\/our-gouvernance\/","og_site_name":"Sodiaal","article_publisher":"https:\/\/www.facebook.com\/SodiaalCoop\/","article_modified_time":"2024-10-07T08:17:02+00:00","og_image":[{"width":1028,"height":568,"url":"https:\/\/sodiaal.coop\/wp-content\/uploads\/2024\/08\/Design-sans-titre-12.png","type":"image\/png"}],"twitter_card":"summary_large_image","twitter_site":"@SodiaalCoop","schema":{"@context":"https:\/\/schema.org","@graph":[{"@type":"WebPage","@id":"https:\/\/sodiaal.coop\/en\/our-gouvernance\/","url":"https:\/\/sodiaal.coop\/en\/our-gouvernance\/","name":"Our governance | Sodiaal","isPartOf":{"@id":"https:\/\/sodiaal.coop\/en\/#website"},"primaryImageOfPage":{"@id":"https:\/\/sodiaal.coop\/en\/our-gouvernance\/#primaryimage"},"image":{"@id":"https:\/\/sodiaal.coop\/en\/our-gouvernance\/#primaryimage"},"thumbnailUrl":"https:\/\/sodiaal.coop\/wp-content\/uploads\/2024\/08\/Design-sans-titre-12.png","datePublished":"2022-10-28T16:08:53+00:00","dateModified":"2024-10-07T08:17:02+00:00","breadcrumb":{"@id":"https:\/\/sodiaal.coop\/en\/our-gouvernance\/#breadcrumb"},"inLanguage":"en-US","potentialAction":[{"@type":"ReadAction","target":["https:\/\/sodiaal.coop\/en\/our-gouvernance\/"]}]},{"@type":"ImageObject","inLanguage":"en-US","@id":"https:\/\/sodiaal.coop\/en\/our-gouvernance\/#primaryimage","url":"https:\/\/sodiaal.coop\/wp-content\/uploads\/2024\/08\/Design-sans-titre-12.png","contentUrl":"https:\/\/sodiaal.coop\/wp-content\/uploads\/2024\/08\/Design-sans-titre-12.png","width":1028,"height":568,"caption":"une gouvernance par et pour les \u00e9leveurs chez Sodiaal"},{"@type":"BreadcrumbList","@id":"https:\/\/sodiaal.coop\/en\/our-gouvernance\/#breadcrumb","itemListElement":[{"@type":"ListItem","position":1,"name":"Accueil","item":"https:\/\/sodiaal.coop\/en\/"},{"@type":"ListItem","position":2,"name":"Our governance"}]},{"@type":"WebSite","@id":"https:\/\/sodiaal.coop\/en\/#website","url":"https:\/\/sodiaal.coop\/en\/","name":"Sodiaal","description":"Engag\u00e9s pour le meilleur des terroirs laitiers","publisher":{"@id":"https:\/\/sodiaal.coop\/en\/#organization"},"alternateName":"Coop\u00e9rative laiti\u00e8re fran\u00e7aise","potentialAction":[{"@type":"SearchAction","target":{"@type":"EntryPoint","urlTemplate":"https:\/\/sodiaal.coop\/en\/?s={search_term_string}"},"query-input":{"@type":"PropertyValueSpecification","valueRequired":true,"valueName":"search_term_string"}}],"inLanguage":"en-US"},{"@type":"Organization","@id":"https:\/\/sodiaal.coop\/en\/#organization","name":"Sodiaal","alternateName":"Coop\u00e9rative laiti\u00e8re fran\u00e7aise","url":"https:\/\/sodiaal.coop\/en\/","logo":{"@type":"ImageObject","inLanguage":"en-US","@id":"https:\/\/sodiaal.coop\/en\/#\/schema\/logo\/image\/","url":"https:\/\/sodiaal.coop\/wp-content\/uploads\/2022\/10\/Logo_Sodiaal.svg","contentUrl":"https:\/\/sodiaal.coop\/wp-content\/uploads\/2022\/10\/Logo_Sodiaal.svg","width":433,"height":194,"caption":"Sodiaal"},"image":{"@id":"https:\/\/sodiaal.coop\/en\/#\/schema\/logo\/image\/"},"sameAs":["https:\/\/www.facebook.com\/SodiaalCoop\/","https:\/\/x.com\/SodiaalCoop","https:\/\/www.linkedin.com\/company\/sodiaal\/","https:\/\/www.youtube.com\/@cooperativesodiaal3939"]}]}},"_links":{"self":[{"href":"https:\/\/sodiaal.coop\/en\/wp-json\/wp\/v2\/pages\/7866","targetHints":{"allow":["GET"]}}],"collection":[{"href":"https:\/\/sodiaal.coop\/en\/wp-json\/wp\/v2\/pages"}],"about":[{"href":"https:\/\/sodiaal.coop\/en\/wp-json\/wp\/v2\/types\/page"}],"author":[{"embeddable":true,"href":"https:\/\/sodiaal.coop\/en\/wp-json\/wp\/v2\/users\/3"}],"replies":[{"embeddable":true,"href":"https:\/\/sodiaal.coop\/en\/wp-json\/wp\/v2\/comments?post=7866"}],"version-history":[{"count":2,"href":"https:\/\/sodiaal.coop\/en\/wp-json\/wp\/v2\/pages\/7866\/revisions"}],"predecessor-version":[{"id":23072,"href":"https:\/\/sodiaal.coop\/en\/wp-json\/wp\/v2\/pages\/7866\/revisions\/23072"}],"wp:featuredmedia":[{"embeddable":true,"href":"https:\/\/sodiaal.coop\/en\/wp-json\/wp\/v2\/media\/22019"}],"wp:attachment":[{"href":"https:\/\/sodiaal.coop\/en\/wp-json\/wp\/v2\/media?parent=7866"}],"curies":[{"name":"wp","href":"https:\/\/api.w.org\/{rel}","templated":true}]}}