{"id":7877,"date":"2022-10-27T19:07:27","date_gmt":"2022-10-27T18:07:27","guid":{"rendered":"https:\/\/sodiaal.coop\/conseil-administration\/"},"modified":"2025-07-28T16:21:24","modified_gmt":"2025-07-28T15:21:24","slug":"board-of-directors","status":"publish","type":"page","link":"https:\/\/sodiaal.coop\/en\/board-of-directors\/","title":{"rendered":"BOARD OF DIRECTORS"},"content":{"rendered":"\n<p>A FAIR BOARD OF DIRECTORS WHICH SUPPORTS THE VOICE OF COOPERATIVE FARMER MEMBERS<\/p>\n\n\n\n<p>Sodiaal&#8217;s Board of Directors, made up of 25 member farmers and one employee elected by their peers, makes the decisions for our cooperative.<\/p>\n\n\n\n<p><\/p>\n","protected":false},"excerpt":{"rendered":"<p>A FAIR BOARD OF DIRECTORS WHICH SUPPORTS THE VOICE OF COOPERATIVE FARMER MEMBERS Sodiaal&#8217;s Board of Directors, made up of 25 member farmers and one employee elected by their peers, makes the decisions for our cooperative.<\/p>\n","protected":false},"author":3,"featured_media":4641,"parent":0,"menu_order":0,"comment_status":"closed","ping_status":"closed","template":"","meta":{"_acf_changed":false,"_et_pb_use_builder":"","_et_pb_old_content":"","_et_gb_content_width":"","footnotes":""},"class_list":["post-7877","page","type-page","status-publish","has-post-thumbnail","hentry"],"acf":[],"yoast_head":"<!-- This site is optimized with the Yoast SEO plugin v27.4 - https:\/\/yoast.com\/product\/yoast-seo-wordpress\/ -->\n<title>BOARD OF DIRECTORS | Sodiaal<\/title>\n<meta name=\"robots\" content=\"index, follow, max-snippet:-1, max-image-preview:large, max-video-preview:-1\" \/>\n<link rel=\"canonical\" href=\"https:\/\/sodiaal.coop\/en\/board-of-directors\/\" \/>\n<meta property=\"og:locale\" content=\"en_US\" \/>\n<meta property=\"og:type\" content=\"article\" \/>\n<meta property=\"og:title\" content=\"BOARD OF DIRECTORS | Sodiaal\" \/>\n<meta property=\"og:description\" content=\"A FAIR BOARD OF DIRECTORS WHICH SUPPORTS THE VOICE OF COOPERATIVE FARMER MEMBERS Sodiaal&#8217;s Board of Directors, made up of 25 member farmers and one employee elected by their peers, makes the decisions for our cooperative.\" \/>\n<meta property=\"og:url\" content=\"https:\/\/sodiaal.coop\/en\/board-of-directors\/\" \/>\n<meta property=\"og:site_name\" content=\"Sodiaal\" \/>\n<meta property=\"article:publisher\" content=\"https:\/\/www.facebook.com\/SodiaalCoop\/\" \/>\n<meta property=\"article:modified_time\" content=\"2025-07-28T15:21:24+00:00\" \/>\n<meta property=\"og:image\" content=\"https:\/\/sodiaal.coop\/wp-content\/uploads\/2022\/10\/Sodiaal_CA_Header_Image-scaled.jpg\" \/>\n\t<meta property=\"og:image:width\" content=\"2880\" \/>\n\t<meta property=\"og:image:height\" content=\"1063\" \/>\n\t<meta property=\"og:image:type\" content=\"image\/jpeg\" \/>\n<meta name=\"twitter:card\" content=\"summary_large_image\" \/>\n<meta name=\"twitter:site\" content=\"@SodiaalCoop\" \/>\n<script type=\"application\/ld+json\" class=\"yoast-schema-graph\">{\"@context\":\"https:\\\/\\\/schema.org\",\"@graph\":[{\"@type\":\"WebPage\",\"@id\":\"https:\\\/\\\/sodiaal.coop\\\/en\\\/board-of-directors\\\/\",\"url\":\"https:\\\/\\\/sodiaal.coop\\\/en\\\/board-of-directors\\\/\",\"name\":\"BOARD OF DIRECTORS | Sodiaal\",\"isPartOf\":{\"@id\":\"https:\\\/\\\/sodiaal.coop\\\/en\\\/#website\"},\"primaryImageOfPage\":{\"@id\":\"https:\\\/\\\/sodiaal.coop\\\/en\\\/board-of-directors\\\/#primaryimage\"},\"image\":{\"@id\":\"https:\\\/\\\/sodiaal.coop\\\/en\\\/board-of-directors\\\/#primaryimage\"},\"thumbnailUrl\":\"https:\\\/\\\/sodiaal.coop\\\/wp-content\\\/uploads\\\/2022\\\/10\\\/Sodiaal_CA_Header_Image-scaled.jpg\",\"datePublished\":\"2022-10-27T18:07:27+00:00\",\"dateModified\":\"2025-07-28T15:21:24+00:00\",\"breadcrumb\":{\"@id\":\"https:\\\/\\\/sodiaal.coop\\\/en\\\/board-of-directors\\\/#breadcrumb\"},\"inLanguage\":\"en-US\",\"potentialAction\":[{\"@type\":\"ReadAction\",\"target\":[\"https:\\\/\\\/sodiaal.coop\\\/en\\\/board-of-directors\\\/\"]}]},{\"@type\":\"ImageObject\",\"inLanguage\":\"en-US\",\"@id\":\"https:\\\/\\\/sodiaal.coop\\\/en\\\/board-of-directors\\\/#primaryimage\",\"url\":\"https:\\\/\\\/sodiaal.coop\\\/wp-content\\\/uploads\\\/2022\\\/10\\\/Sodiaal_CA_Header_Image-scaled.jpg\",\"contentUrl\":\"https:\\\/\\\/sodiaal.coop\\\/wp-content\\\/uploads\\\/2022\\\/10\\\/Sodiaal_CA_Header_Image-scaled.jpg\",\"width\":2880,\"height\":1063,\"caption\":\"conseil administration sodiaal\"},{\"@type\":\"BreadcrumbList\",\"@id\":\"https:\\\/\\\/sodiaal.coop\\\/en\\\/board-of-directors\\\/#breadcrumb\",\"itemListElement\":[{\"@type\":\"ListItem\",\"position\":1,\"name\":\"Accueil\",\"item\":\"https:\\\/\\\/sodiaal.coop\\\/en\\\/\"},{\"@type\":\"ListItem\",\"position\":2,\"name\":\"BOARD OF DIRECTORS\"}]},{\"@type\":\"WebSite\",\"@id\":\"https:\\\/\\\/sodiaal.coop\\\/en\\\/#website\",\"url\":\"https:\\\/\\\/sodiaal.coop\\\/en\\\/\",\"name\":\"Sodiaal\",\"description\":\"Engag\u00e9s pour le meilleur des terroirs laitiers\",\"publisher\":{\"@id\":\"https:\\\/\\\/sodiaal.coop\\\/en\\\/#organization\"},\"alternateName\":\"Coop\u00e9rative laiti\u00e8re fran\u00e7aise\",\"potentialAction\":[{\"@type\":\"SearchAction\",\"target\":{\"@type\":\"EntryPoint\",\"urlTemplate\":\"https:\\\/\\\/sodiaal.coop\\\/en\\\/?s={search_term_string}\"},\"query-input\":{\"@type\":\"PropertyValueSpecification\",\"valueRequired\":true,\"valueName\":\"search_term_string\"}}],\"inLanguage\":\"en-US\"},{\"@type\":\"Organization\",\"@id\":\"https:\\\/\\\/sodiaal.coop\\\/en\\\/#organization\",\"name\":\"Sodiaal\",\"alternateName\":\"Coop\u00e9rative laiti\u00e8re fran\u00e7aise\",\"url\":\"https:\\\/\\\/sodiaal.coop\\\/en\\\/\",\"logo\":{\"@type\":\"ImageObject\",\"inLanguage\":\"en-US\",\"@id\":\"https:\\\/\\\/sodiaal.coop\\\/en\\\/#\\\/schema\\\/logo\\\/image\\\/\",\"url\":\"https:\\\/\\\/sodiaal.coop\\\/wp-content\\\/uploads\\\/2022\\\/10\\\/Logo_Sodiaal.svg\",\"contentUrl\":\"https:\\\/\\\/sodiaal.coop\\\/wp-content\\\/uploads\\\/2022\\\/10\\\/Logo_Sodiaal.svg\",\"width\":433,\"height\":194,\"caption\":\"Sodiaal\"},\"image\":{\"@id\":\"https:\\\/\\\/sodiaal.coop\\\/en\\\/#\\\/schema\\\/logo\\\/image\\\/\"},\"sameAs\":[\"https:\\\/\\\/www.facebook.com\\\/SodiaalCoop\\\/\",\"https:\\\/\\\/x.com\\\/SodiaalCoop\",\"https:\\\/\\\/www.linkedin.com\\\/company\\\/sodiaal\\\/\",\"https:\\\/\\\/www.youtube.com\\\/@cooperativesodiaal3939\"]}]}<\/script>\n<!-- \/ Yoast SEO plugin. -->","yoast_head_json":{"title":"BOARD OF DIRECTORS | Sodiaal","robots":{"index":"index","follow":"follow","max-snippet":"max-snippet:-1","max-image-preview":"max-image-preview:large","max-video-preview":"max-video-preview:-1"},"canonical":"https:\/\/sodiaal.coop\/en\/board-of-directors\/","og_locale":"en_US","og_type":"article","og_title":"BOARD OF DIRECTORS | Sodiaal","og_description":"A FAIR BOARD OF DIRECTORS WHICH SUPPORTS THE VOICE OF COOPERATIVE FARMER MEMBERS Sodiaal&#8217;s Board of Directors, made up of 25 member farmers and one employee elected by their peers, makes the decisions for our cooperative.","og_url":"https:\/\/sodiaal.coop\/en\/board-of-directors\/","og_site_name":"Sodiaal","article_publisher":"https:\/\/www.facebook.com\/SodiaalCoop\/","article_modified_time":"2025-07-28T15:21:24+00:00","og_image":[{"width":2880,"height":1063,"url":"https:\/\/sodiaal.coop\/wp-content\/uploads\/2022\/10\/Sodiaal_CA_Header_Image-scaled.jpg","type":"image\/jpeg"}],"twitter_card":"summary_large_image","twitter_site":"@SodiaalCoop","schema":{"@context":"https:\/\/schema.org","@graph":[{"@type":"WebPage","@id":"https:\/\/sodiaal.coop\/en\/board-of-directors\/","url":"https:\/\/sodiaal.coop\/en\/board-of-directors\/","name":"BOARD OF DIRECTORS | Sodiaal","isPartOf":{"@id":"https:\/\/sodiaal.coop\/en\/#website"},"primaryImageOfPage":{"@id":"https:\/\/sodiaal.coop\/en\/board-of-directors\/#primaryimage"},"image":{"@id":"https:\/\/sodiaal.coop\/en\/board-of-directors\/#primaryimage"},"thumbnailUrl":"https:\/\/sodiaal.coop\/wp-content\/uploads\/2022\/10\/Sodiaal_CA_Header_Image-scaled.jpg","datePublished":"2022-10-27T18:07:27+00:00","dateModified":"2025-07-28T15:21:24+00:00","breadcrumb":{"@id":"https:\/\/sodiaal.coop\/en\/board-of-directors\/#breadcrumb"},"inLanguage":"en-US","potentialAction":[{"@type":"ReadAction","target":["https:\/\/sodiaal.coop\/en\/board-of-directors\/"]}]},{"@type":"ImageObject","inLanguage":"en-US","@id":"https:\/\/sodiaal.coop\/en\/board-of-directors\/#primaryimage","url":"https:\/\/sodiaal.coop\/wp-content\/uploads\/2022\/10\/Sodiaal_CA_Header_Image-scaled.jpg","contentUrl":"https:\/\/sodiaal.coop\/wp-content\/uploads\/2022\/10\/Sodiaal_CA_Header_Image-scaled.jpg","width":2880,"height":1063,"caption":"conseil administration sodiaal"},{"@type":"BreadcrumbList","@id":"https:\/\/sodiaal.coop\/en\/board-of-directors\/#breadcrumb","itemListElement":[{"@type":"ListItem","position":1,"name":"Accueil","item":"https:\/\/sodiaal.coop\/en\/"},{"@type":"ListItem","position":2,"name":"BOARD OF DIRECTORS"}]},{"@type":"WebSite","@id":"https:\/\/sodiaal.coop\/en\/#website","url":"https:\/\/sodiaal.coop\/en\/","name":"Sodiaal","description":"Engag\u00e9s pour le meilleur des terroirs laitiers","publisher":{"@id":"https:\/\/sodiaal.coop\/en\/#organization"},"alternateName":"Coop\u00e9rative laiti\u00e8re fran\u00e7aise","potentialAction":[{"@type":"SearchAction","target":{"@type":"EntryPoint","urlTemplate":"https:\/\/sodiaal.coop\/en\/?s={search_term_string}"},"query-input":{"@type":"PropertyValueSpecification","valueRequired":true,"valueName":"search_term_string"}}],"inLanguage":"en-US"},{"@type":"Organization","@id":"https:\/\/sodiaal.coop\/en\/#organization","name":"Sodiaal","alternateName":"Coop\u00e9rative laiti\u00e8re fran\u00e7aise","url":"https:\/\/sodiaal.coop\/en\/","logo":{"@type":"ImageObject","inLanguage":"en-US","@id":"https:\/\/sodiaal.coop\/en\/#\/schema\/logo\/image\/","url":"https:\/\/sodiaal.coop\/wp-content\/uploads\/2022\/10\/Logo_Sodiaal.svg","contentUrl":"https:\/\/sodiaal.coop\/wp-content\/uploads\/2022\/10\/Logo_Sodiaal.svg","width":433,"height":194,"caption":"Sodiaal"},"image":{"@id":"https:\/\/sodiaal.coop\/en\/#\/schema\/logo\/image\/"},"sameAs":["https:\/\/www.facebook.com\/SodiaalCoop\/","https:\/\/x.com\/SodiaalCoop","https:\/\/www.linkedin.com\/company\/sodiaal\/","https:\/\/www.youtube.com\/@cooperativesodiaal3939"]}]}},"_links":{"self":[{"href":"https:\/\/sodiaal.coop\/en\/wp-json\/wp\/v2\/pages\/7877","targetHints":{"allow":["GET"]}}],"collection":[{"href":"https:\/\/sodiaal.coop\/en\/wp-json\/wp\/v2\/pages"}],"about":[{"href":"https:\/\/sodiaal.coop\/en\/wp-json\/wp\/v2\/types\/page"}],"author":[{"embeddable":true,"href":"https:\/\/sodiaal.coop\/en\/wp-json\/wp\/v2\/users\/3"}],"replies":[{"embeddable":true,"href":"https:\/\/sodiaal.coop\/en\/wp-json\/wp\/v2\/comments?post=7877"}],"version-history":[{"count":3,"href":"https:\/\/sodiaal.coop\/en\/wp-json\/wp\/v2\/pages\/7877\/revisions"}],"predecessor-version":[{"id":28366,"href":"https:\/\/sodiaal.coop\/en\/wp-json\/wp\/v2\/pages\/7877\/revisions\/28366"}],"wp:featuredmedia":[{"embeddable":true,"href":"https:\/\/sodiaal.coop\/en\/wp-json\/wp\/v2\/media\/4641"}],"wp:attachment":[{"href":"https:\/\/sodiaal.coop\/en\/wp-json\/wp\/v2\/media?parent=7877"}],"curies":[{"name":"wp","href":"https:\/\/api.w.org\/{rel}","templated":true}]}}