{"id":7897,"date":"2022-11-16T13:48:04","date_gmt":"2022-11-16T12:48:04","guid":{"rendered":"https:\/\/sodiaal.coop\/ultra-frais\/"},"modified":"2025-07-28T13:19:25","modified_gmt":"2025-07-28T12:19:25","slug":"ultra-fresh","status":"publish","type":"page","link":"https:\/\/sodiaal.coop\/en\/ultra-fresh\/","title":{"rendered":"Ultra fresh\u00a0"},"content":{"rendered":"\n<p>DAIRY EXPERTISE IN ALL FORMS<\/p>\n\n\n\n<p>Yoplait has been close to the hearts of the French for almost 60 years, between innovation and tradition. Over the years, Yoplait has constantly created iconic and avant-garde products that are part of the everyday lives of families.<\/p>\n","protected":false},"excerpt":{"rendered":"<p>DAIRY EXPERTISE IN ALL FORMS Yoplait has been close to the hearts of the French for almost 60 years, between innovation and tradition. Over the years, Yoplait has constantly created iconic and avant-garde products that are part of the everyday lives of families.<\/p>\n","protected":false},"author":3,"featured_media":24968,"parent":0,"menu_order":0,"comment_status":"closed","ping_status":"closed","template":"","meta":{"_acf_changed":false,"_et_pb_use_builder":"","_et_pb_old_content":"","_et_gb_content_width":"","footnotes":""},"class_list":["post-7897","page","type-page","status-publish","has-post-thumbnail","hentry"],"acf":[],"yoast_head":"<!-- This site is optimized with the Yoast SEO plugin v27.3 - https:\/\/yoast.com\/product\/yoast-seo-wordpress\/ -->\n<title>Ultra fresh\u00a0 | Sodiaal<\/title>\n<meta name=\"robots\" content=\"index, follow, max-snippet:-1, max-image-preview:large, max-video-preview:-1\" \/>\n<link rel=\"canonical\" href=\"https:\/\/sodiaal.coop\/en\/ultra-fresh\/\" \/>\n<meta property=\"og:locale\" content=\"en_US\" \/>\n<meta property=\"og:type\" content=\"article\" \/>\n<meta property=\"og:title\" content=\"Ultra fresh\u00a0 | Sodiaal\" \/>\n<meta property=\"og:description\" content=\"DAIRY EXPERTISE IN ALL FORMS Yoplait has been close to the hearts of the French for almost 60 years, between innovation and tradition. Over the years, Yoplait has constantly created iconic and avant-garde products that are part of the everyday lives of families.\" \/>\n<meta property=\"og:url\" content=\"https:\/\/sodiaal.coop\/en\/ultra-fresh\/\" \/>\n<meta property=\"og:site_name\" content=\"Sodiaal\" \/>\n<meta property=\"article:publisher\" content=\"https:\/\/www.facebook.com\/SodiaalCoop\/\" \/>\n<meta property=\"article:modified_time\" content=\"2025-07-28T12:19:25+00:00\" \/>\n<meta property=\"og:image\" content=\"https:\/\/sodiaal.coop\/wp-content\/uploads\/2025\/01\/Design-sans-titre-1024x824.png\" \/>\n\t<meta property=\"og:image:width\" content=\"1024\" \/>\n\t<meta property=\"og:image:height\" content=\"824\" \/>\n\t<meta property=\"og:image:type\" content=\"image\/png\" \/>\n<meta name=\"twitter:card\" content=\"summary_large_image\" \/>\n<meta name=\"twitter:site\" content=\"@SodiaalCoop\" \/>\n<script type=\"application\/ld+json\" class=\"yoast-schema-graph\">{\"@context\":\"https:\\\/\\\/schema.org\",\"@graph\":[{\"@type\":\"WebPage\",\"@id\":\"https:\\\/\\\/sodiaal.coop\\\/en\\\/ultra-fresh\\\/\",\"url\":\"https:\\\/\\\/sodiaal.coop\\\/en\\\/ultra-fresh\\\/\",\"name\":\"Ultra fresh\u00a0 | Sodiaal\",\"isPartOf\":{\"@id\":\"https:\\\/\\\/sodiaal.coop\\\/en\\\/#website\"},\"primaryImageOfPage\":{\"@id\":\"https:\\\/\\\/sodiaal.coop\\\/en\\\/ultra-fresh\\\/#primaryimage\"},\"image\":{\"@id\":\"https:\\\/\\\/sodiaal.coop\\\/en\\\/ultra-fresh\\\/#primaryimage\"},\"thumbnailUrl\":\"https:\\\/\\\/sodiaal.coop\\\/wp-content\\\/uploads\\\/2025\\\/01\\\/Design-sans-titre.png\",\"datePublished\":\"2022-11-16T12:48:04+00:00\",\"dateModified\":\"2025-07-28T12:19:25+00:00\",\"breadcrumb\":{\"@id\":\"https:\\\/\\\/sodiaal.coop\\\/en\\\/ultra-fresh\\\/#breadcrumb\"},\"inLanguage\":\"en-US\",\"potentialAction\":[{\"@type\":\"ReadAction\",\"target\":[\"https:\\\/\\\/sodiaal.coop\\\/en\\\/ultra-fresh\\\/\"]}]},{\"@type\":\"ImageObject\",\"inLanguage\":\"en-US\",\"@id\":\"https:\\\/\\\/sodiaal.coop\\\/en\\\/ultra-fresh\\\/#primaryimage\",\"url\":\"https:\\\/\\\/sodiaal.coop\\\/wp-content\\\/uploads\\\/2025\\\/01\\\/Design-sans-titre.png\",\"contentUrl\":\"https:\\\/\\\/sodiaal.coop\\\/wp-content\\\/uploads\\\/2025\\\/01\\\/Design-sans-titre.png\",\"width\":5575,\"height\":4484,\"caption\":\"les produits ultra frais Yoplait de notre coop\u00e9rative Sodiaal\"},{\"@type\":\"BreadcrumbList\",\"@id\":\"https:\\\/\\\/sodiaal.coop\\\/en\\\/ultra-fresh\\\/#breadcrumb\",\"itemListElement\":[{\"@type\":\"ListItem\",\"position\":1,\"name\":\"Accueil\",\"item\":\"https:\\\/\\\/sodiaal.coop\\\/en\\\/\"},{\"@type\":\"ListItem\",\"position\":2,\"name\":\"Ultra fresh\u00a0\"}]},{\"@type\":\"WebSite\",\"@id\":\"https:\\\/\\\/sodiaal.coop\\\/en\\\/#website\",\"url\":\"https:\\\/\\\/sodiaal.coop\\\/en\\\/\",\"name\":\"Sodiaal\",\"description\":\"Engag\u00e9s pour le meilleur des terroirs laitiers\",\"publisher\":{\"@id\":\"https:\\\/\\\/sodiaal.coop\\\/en\\\/#organization\"},\"alternateName\":\"Coop\u00e9rative laiti\u00e8re fran\u00e7aise\",\"potentialAction\":[{\"@type\":\"SearchAction\",\"target\":{\"@type\":\"EntryPoint\",\"urlTemplate\":\"https:\\\/\\\/sodiaal.coop\\\/en\\\/?s={search_term_string}\"},\"query-input\":{\"@type\":\"PropertyValueSpecification\",\"valueRequired\":true,\"valueName\":\"search_term_string\"}}],\"inLanguage\":\"en-US\"},{\"@type\":\"Organization\",\"@id\":\"https:\\\/\\\/sodiaal.coop\\\/en\\\/#organization\",\"name\":\"Sodiaal\",\"alternateName\":\"Coop\u00e9rative laiti\u00e8re fran\u00e7aise\",\"url\":\"https:\\\/\\\/sodiaal.coop\\\/en\\\/\",\"logo\":{\"@type\":\"ImageObject\",\"inLanguage\":\"en-US\",\"@id\":\"https:\\\/\\\/sodiaal.coop\\\/en\\\/#\\\/schema\\\/logo\\\/image\\\/\",\"url\":\"https:\\\/\\\/sodiaal.coop\\\/wp-content\\\/uploads\\\/2022\\\/10\\\/Logo_Sodiaal.svg\",\"contentUrl\":\"https:\\\/\\\/sodiaal.coop\\\/wp-content\\\/uploads\\\/2022\\\/10\\\/Logo_Sodiaal.svg\",\"width\":433,\"height\":194,\"caption\":\"Sodiaal\"},\"image\":{\"@id\":\"https:\\\/\\\/sodiaal.coop\\\/en\\\/#\\\/schema\\\/logo\\\/image\\\/\"},\"sameAs\":[\"https:\\\/\\\/www.facebook.com\\\/SodiaalCoop\\\/\",\"https:\\\/\\\/x.com\\\/SodiaalCoop\",\"https:\\\/\\\/www.linkedin.com\\\/company\\\/sodiaal\\\/\",\"https:\\\/\\\/www.youtube.com\\\/@cooperativesodiaal3939\"]}]}<\/script>\n<!-- \/ Yoast SEO plugin. -->","yoast_head_json":{"title":"Ultra fresh\u00a0 | Sodiaal","robots":{"index":"index","follow":"follow","max-snippet":"max-snippet:-1","max-image-preview":"max-image-preview:large","max-video-preview":"max-video-preview:-1"},"canonical":"https:\/\/sodiaal.coop\/en\/ultra-fresh\/","og_locale":"en_US","og_type":"article","og_title":"Ultra fresh\u00a0 | Sodiaal","og_description":"DAIRY EXPERTISE IN ALL FORMS Yoplait has been close to the hearts of the French for almost 60 years, between innovation and tradition. Over the years, Yoplait has constantly created iconic and avant-garde products that are part of the everyday lives of families.","og_url":"https:\/\/sodiaal.coop\/en\/ultra-fresh\/","og_site_name":"Sodiaal","article_publisher":"https:\/\/www.facebook.com\/SodiaalCoop\/","article_modified_time":"2025-07-28T12:19:25+00:00","og_image":[{"width":1024,"height":824,"url":"https:\/\/sodiaal.coop\/wp-content\/uploads\/2025\/01\/Design-sans-titre-1024x824.png","type":"image\/png"}],"twitter_card":"summary_large_image","twitter_site":"@SodiaalCoop","schema":{"@context":"https:\/\/schema.org","@graph":[{"@type":"WebPage","@id":"https:\/\/sodiaal.coop\/en\/ultra-fresh\/","url":"https:\/\/sodiaal.coop\/en\/ultra-fresh\/","name":"Ultra fresh\u00a0 | Sodiaal","isPartOf":{"@id":"https:\/\/sodiaal.coop\/en\/#website"},"primaryImageOfPage":{"@id":"https:\/\/sodiaal.coop\/en\/ultra-fresh\/#primaryimage"},"image":{"@id":"https:\/\/sodiaal.coop\/en\/ultra-fresh\/#primaryimage"},"thumbnailUrl":"https:\/\/sodiaal.coop\/wp-content\/uploads\/2025\/01\/Design-sans-titre.png","datePublished":"2022-11-16T12:48:04+00:00","dateModified":"2025-07-28T12:19:25+00:00","breadcrumb":{"@id":"https:\/\/sodiaal.coop\/en\/ultra-fresh\/#breadcrumb"},"inLanguage":"en-US","potentialAction":[{"@type":"ReadAction","target":["https:\/\/sodiaal.coop\/en\/ultra-fresh\/"]}]},{"@type":"ImageObject","inLanguage":"en-US","@id":"https:\/\/sodiaal.coop\/en\/ultra-fresh\/#primaryimage","url":"https:\/\/sodiaal.coop\/wp-content\/uploads\/2025\/01\/Design-sans-titre.png","contentUrl":"https:\/\/sodiaal.coop\/wp-content\/uploads\/2025\/01\/Design-sans-titre.png","width":5575,"height":4484,"caption":"les produits ultra frais Yoplait de notre coop\u00e9rative Sodiaal"},{"@type":"BreadcrumbList","@id":"https:\/\/sodiaal.coop\/en\/ultra-fresh\/#breadcrumb","itemListElement":[{"@type":"ListItem","position":1,"name":"Accueil","item":"https:\/\/sodiaal.coop\/en\/"},{"@type":"ListItem","position":2,"name":"Ultra fresh\u00a0"}]},{"@type":"WebSite","@id":"https:\/\/sodiaal.coop\/en\/#website","url":"https:\/\/sodiaal.coop\/en\/","name":"Sodiaal","description":"Engag\u00e9s pour le meilleur des terroirs laitiers","publisher":{"@id":"https:\/\/sodiaal.coop\/en\/#organization"},"alternateName":"Coop\u00e9rative laiti\u00e8re fran\u00e7aise","potentialAction":[{"@type":"SearchAction","target":{"@type":"EntryPoint","urlTemplate":"https:\/\/sodiaal.coop\/en\/?s={search_term_string}"},"query-input":{"@type":"PropertyValueSpecification","valueRequired":true,"valueName":"search_term_string"}}],"inLanguage":"en-US"},{"@type":"Organization","@id":"https:\/\/sodiaal.coop\/en\/#organization","name":"Sodiaal","alternateName":"Coop\u00e9rative laiti\u00e8re fran\u00e7aise","url":"https:\/\/sodiaal.coop\/en\/","logo":{"@type":"ImageObject","inLanguage":"en-US","@id":"https:\/\/sodiaal.coop\/en\/#\/schema\/logo\/image\/","url":"https:\/\/sodiaal.coop\/wp-content\/uploads\/2022\/10\/Logo_Sodiaal.svg","contentUrl":"https:\/\/sodiaal.coop\/wp-content\/uploads\/2022\/10\/Logo_Sodiaal.svg","width":433,"height":194,"caption":"Sodiaal"},"image":{"@id":"https:\/\/sodiaal.coop\/en\/#\/schema\/logo\/image\/"},"sameAs":["https:\/\/www.facebook.com\/SodiaalCoop\/","https:\/\/x.com\/SodiaalCoop","https:\/\/www.linkedin.com\/company\/sodiaal\/","https:\/\/www.youtube.com\/@cooperativesodiaal3939"]}]}},"_links":{"self":[{"href":"https:\/\/sodiaal.coop\/en\/wp-json\/wp\/v2\/pages\/7897","targetHints":{"allow":["GET"]}}],"collection":[{"href":"https:\/\/sodiaal.coop\/en\/wp-json\/wp\/v2\/pages"}],"about":[{"href":"https:\/\/sodiaal.coop\/en\/wp-json\/wp\/v2\/types\/page"}],"author":[{"embeddable":true,"href":"https:\/\/sodiaal.coop\/en\/wp-json\/wp\/v2\/users\/3"}],"replies":[{"embeddable":true,"href":"https:\/\/sodiaal.coop\/en\/wp-json\/wp\/v2\/comments?post=7897"}],"version-history":[{"count":3,"href":"https:\/\/sodiaal.coop\/en\/wp-json\/wp\/v2\/pages\/7897\/revisions"}],"predecessor-version":[{"id":28341,"href":"https:\/\/sodiaal.coop\/en\/wp-json\/wp\/v2\/pages\/7897\/revisions\/28341"}],"wp:featuredmedia":[{"embeddable":true,"href":"https:\/\/sodiaal.coop\/en\/wp-json\/wp\/v2\/media\/24968"}],"wp:attachment":[{"href":"https:\/\/sodiaal.coop\/en\/wp-json\/wp\/v2\/media?parent=7897"}],"curies":[{"name":"wp","href":"https:\/\/api.w.org\/{rel}","templated":true}]}}