{"id":8188,"date":"2022-11-16T13:48:24","date_gmt":"2022-11-16T12:48:24","guid":{"rendered":"https:\/\/sodiaal.coop\/lait-creme-beurre\/"},"modified":"2025-07-28T11:47:05","modified_gmt":"2025-07-28T10:47:05","slug":"milk-butter-cream","status":"publish","type":"page","link":"https:\/\/sodiaal.coop\/en\/milk-butter-cream\/","title":{"rendered":"Milk cream butter"},"content":{"rendered":"","protected":false},"excerpt":{"rendered":"","protected":false},"author":3,"featured_media":25298,"parent":0,"menu_order":0,"comment_status":"closed","ping_status":"closed","template":"","meta":{"_acf_changed":false,"_et_pb_use_builder":"","_et_pb_old_content":"","_et_gb_content_width":"","footnotes":""},"class_list":["post-8188","page","type-page","status-publish","has-post-thumbnail","hentry"],"acf":[],"yoast_head":"<!-- This site is optimized with the Yoast SEO plugin v27.3 - https:\/\/yoast.com\/product\/yoast-seo-wordpress\/ -->\n<title>Sodiaal, un savoir-faire en Lait, Beurre, Boissons lact\u00e9es et Cr\u00e8me<\/title>\n<meta name=\"description\" content=\"Retrouvez notre savoir-faire en Lait, Beurre, Boissons lact\u00e9es et Cr\u00e8me au sein des marques patrimoniales de la Coop\u00e9rative Laiti\u00e8re Sodiaal.\" \/>\n<meta name=\"robots\" content=\"index, follow, max-snippet:-1, max-image-preview:large, max-video-preview:-1\" \/>\n<link rel=\"canonical\" href=\"https:\/\/sodiaal.coop\/en\/milk-butter-cream\/\" \/>\n<meta property=\"og:locale\" content=\"en_US\" \/>\n<meta property=\"og:type\" content=\"article\" \/>\n<meta property=\"og:title\" content=\"Sodiaal, un savoir-faire en Lait, Beurre, Boissons lact\u00e9es et Cr\u00e8me\" \/>\n<meta property=\"og:description\" content=\"Retrouvez notre savoir-faire en Lait, Beurre, Boissons lact\u00e9es et Cr\u00e8me au sein des marques patrimoniales de la Coop\u00e9rative Laiti\u00e8re Sodiaal.\" \/>\n<meta property=\"og:url\" content=\"https:\/\/sodiaal.coop\/en\/milk-butter-cream\/\" \/>\n<meta property=\"og:site_name\" content=\"Sodiaal\" \/>\n<meta property=\"article:publisher\" content=\"https:\/\/www.facebook.com\/SodiaalCoop\/\" \/>\n<meta property=\"article:modified_time\" content=\"2025-07-28T10:47:05+00:00\" \/>\n<meta property=\"og:image\" content=\"https:\/\/sodiaal.coop\/wp-content\/uploads\/2025\/02\/Sodiaal-produits-de-la-coop-Lait-creme-beurre-2-1-scaled-e1738751897622.jpg\" \/>\n\t<meta property=\"og:image:width\" content=\"2880\" \/>\n\t<meta property=\"og:image:height\" content=\"1920\" \/>\n\t<meta property=\"og:image:type\" content=\"image\/jpeg\" \/>\n<meta name=\"twitter:card\" content=\"summary_large_image\" \/>\n<meta name=\"twitter:site\" content=\"@SodiaalCoop\" \/>\n<script type=\"application\/ld+json\" class=\"yoast-schema-graph\">{\"@context\":\"https:\\\/\\\/schema.org\",\"@graph\":[{\"@type\":\"WebPage\",\"@id\":\"https:\\\/\\\/sodiaal.coop\\\/en\\\/milk-butter-cream\\\/\",\"url\":\"https:\\\/\\\/sodiaal.coop\\\/en\\\/milk-butter-cream\\\/\",\"name\":\"Sodiaal, un savoir-faire en Lait, Beurre, Boissons lact\u00e9es et Cr\u00e8me\",\"isPartOf\":{\"@id\":\"https:\\\/\\\/sodiaal.coop\\\/en\\\/#website\"},\"primaryImageOfPage\":{\"@id\":\"https:\\\/\\\/sodiaal.coop\\\/en\\\/milk-butter-cream\\\/#primaryimage\"},\"image\":{\"@id\":\"https:\\\/\\\/sodiaal.coop\\\/en\\\/milk-butter-cream\\\/#primaryimage\"},\"thumbnailUrl\":\"https:\\\/\\\/sodiaal.coop\\\/wp-content\\\/uploads\\\/2025\\\/02\\\/Sodiaal-produits-de-la-coop-Lait-creme-beurre-2-1-scaled-e1738751897622.jpg\",\"datePublished\":\"2022-11-16T12:48:24+00:00\",\"dateModified\":\"2025-07-28T10:47:05+00:00\",\"description\":\"Retrouvez notre savoir-faire en Lait, Beurre, Boissons lact\u00e9es et Cr\u00e8me au sein des marques patrimoniales de la Coop\u00e9rative Laiti\u00e8re Sodiaal.\",\"breadcrumb\":{\"@id\":\"https:\\\/\\\/sodiaal.coop\\\/en\\\/milk-butter-cream\\\/#breadcrumb\"},\"inLanguage\":\"en-US\",\"potentialAction\":[{\"@type\":\"ReadAction\",\"target\":[\"https:\\\/\\\/sodiaal.coop\\\/en\\\/milk-butter-cream\\\/\"]}]},{\"@type\":\"ImageObject\",\"inLanguage\":\"en-US\",\"@id\":\"https:\\\/\\\/sodiaal.coop\\\/en\\\/milk-butter-cream\\\/#primaryimage\",\"url\":\"https:\\\/\\\/sodiaal.coop\\\/wp-content\\\/uploads\\\/2025\\\/02\\\/Sodiaal-produits-de-la-coop-Lait-creme-beurre-2-1-scaled-e1738751897622.jpg\",\"contentUrl\":\"https:\\\/\\\/sodiaal.coop\\\/wp-content\\\/uploads\\\/2025\\\/02\\\/Sodiaal-produits-de-la-coop-Lait-creme-beurre-2-1-scaled-e1738751897622.jpg\",\"width\":2880,\"height\":1920,\"caption\":\"Produits laitiers de la coop\u00e9rative Sodial : Lait Cr\u00e8me Beurre\"},{\"@type\":\"BreadcrumbList\",\"@id\":\"https:\\\/\\\/sodiaal.coop\\\/en\\\/milk-butter-cream\\\/#breadcrumb\",\"itemListElement\":[{\"@type\":\"ListItem\",\"position\":1,\"name\":\"Accueil\",\"item\":\"https:\\\/\\\/sodiaal.coop\\\/en\\\/\"},{\"@type\":\"ListItem\",\"position\":2,\"name\":\"Milk cream butter\"}]},{\"@type\":\"WebSite\",\"@id\":\"https:\\\/\\\/sodiaal.coop\\\/en\\\/#website\",\"url\":\"https:\\\/\\\/sodiaal.coop\\\/en\\\/\",\"name\":\"Sodiaal\",\"description\":\"Engag\u00e9s pour le meilleur des terroirs laitiers\",\"publisher\":{\"@id\":\"https:\\\/\\\/sodiaal.coop\\\/en\\\/#organization\"},\"alternateName\":\"Coop\u00e9rative laiti\u00e8re fran\u00e7aise\",\"potentialAction\":[{\"@type\":\"SearchAction\",\"target\":{\"@type\":\"EntryPoint\",\"urlTemplate\":\"https:\\\/\\\/sodiaal.coop\\\/en\\\/?s={search_term_string}\"},\"query-input\":{\"@type\":\"PropertyValueSpecification\",\"valueRequired\":true,\"valueName\":\"search_term_string\"}}],\"inLanguage\":\"en-US\"},{\"@type\":\"Organization\",\"@id\":\"https:\\\/\\\/sodiaal.coop\\\/en\\\/#organization\",\"name\":\"Sodiaal\",\"alternateName\":\"Coop\u00e9rative laiti\u00e8re fran\u00e7aise\",\"url\":\"https:\\\/\\\/sodiaal.coop\\\/en\\\/\",\"logo\":{\"@type\":\"ImageObject\",\"inLanguage\":\"en-US\",\"@id\":\"https:\\\/\\\/sodiaal.coop\\\/en\\\/#\\\/schema\\\/logo\\\/image\\\/\",\"url\":\"https:\\\/\\\/sodiaal.coop\\\/wp-content\\\/uploads\\\/2022\\\/10\\\/Logo_Sodiaal.svg\",\"contentUrl\":\"https:\\\/\\\/sodiaal.coop\\\/wp-content\\\/uploads\\\/2022\\\/10\\\/Logo_Sodiaal.svg\",\"width\":433,\"height\":194,\"caption\":\"Sodiaal\"},\"image\":{\"@id\":\"https:\\\/\\\/sodiaal.coop\\\/en\\\/#\\\/schema\\\/logo\\\/image\\\/\"},\"sameAs\":[\"https:\\\/\\\/www.facebook.com\\\/SodiaalCoop\\\/\",\"https:\\\/\\\/x.com\\\/SodiaalCoop\",\"https:\\\/\\\/www.linkedin.com\\\/company\\\/sodiaal\\\/\",\"https:\\\/\\\/www.youtube.com\\\/@cooperativesodiaal3939\"]}]}<\/script>\n<!-- \/ Yoast SEO plugin. -->","yoast_head_json":{"title":"Sodiaal, un savoir-faire en Lait, Beurre, Boissons lact\u00e9es et Cr\u00e8me","description":"Retrouvez notre savoir-faire en Lait, Beurre, Boissons lact\u00e9es et Cr\u00e8me au sein des marques patrimoniales de la Coop\u00e9rative Laiti\u00e8re Sodiaal.","robots":{"index":"index","follow":"follow","max-snippet":"max-snippet:-1","max-image-preview":"max-image-preview:large","max-video-preview":"max-video-preview:-1"},"canonical":"https:\/\/sodiaal.coop\/en\/milk-butter-cream\/","og_locale":"en_US","og_type":"article","og_title":"Sodiaal, un savoir-faire en Lait, Beurre, Boissons lact\u00e9es et Cr\u00e8me","og_description":"Retrouvez notre savoir-faire en Lait, Beurre, Boissons lact\u00e9es et Cr\u00e8me au sein des marques patrimoniales de la Coop\u00e9rative Laiti\u00e8re Sodiaal.","og_url":"https:\/\/sodiaal.coop\/en\/milk-butter-cream\/","og_site_name":"Sodiaal","article_publisher":"https:\/\/www.facebook.com\/SodiaalCoop\/","article_modified_time":"2025-07-28T10:47:05+00:00","og_image":[{"width":2880,"height":1920,"url":"https:\/\/sodiaal.coop\/wp-content\/uploads\/2025\/02\/Sodiaal-produits-de-la-coop-Lait-creme-beurre-2-1-scaled-e1738751897622.jpg","type":"image\/jpeg"}],"twitter_card":"summary_large_image","twitter_site":"@SodiaalCoop","schema":{"@context":"https:\/\/schema.org","@graph":[{"@type":"WebPage","@id":"https:\/\/sodiaal.coop\/en\/milk-butter-cream\/","url":"https:\/\/sodiaal.coop\/en\/milk-butter-cream\/","name":"Sodiaal, un savoir-faire en Lait, Beurre, Boissons lact\u00e9es et Cr\u00e8me","isPartOf":{"@id":"https:\/\/sodiaal.coop\/en\/#website"},"primaryImageOfPage":{"@id":"https:\/\/sodiaal.coop\/en\/milk-butter-cream\/#primaryimage"},"image":{"@id":"https:\/\/sodiaal.coop\/en\/milk-butter-cream\/#primaryimage"},"thumbnailUrl":"https:\/\/sodiaal.coop\/wp-content\/uploads\/2025\/02\/Sodiaal-produits-de-la-coop-Lait-creme-beurre-2-1-scaled-e1738751897622.jpg","datePublished":"2022-11-16T12:48:24+00:00","dateModified":"2025-07-28T10:47:05+00:00","description":"Retrouvez notre savoir-faire en Lait, Beurre, Boissons lact\u00e9es et Cr\u00e8me au sein des marques patrimoniales de la Coop\u00e9rative Laiti\u00e8re Sodiaal.","breadcrumb":{"@id":"https:\/\/sodiaal.coop\/en\/milk-butter-cream\/#breadcrumb"},"inLanguage":"en-US","potentialAction":[{"@type":"ReadAction","target":["https:\/\/sodiaal.coop\/en\/milk-butter-cream\/"]}]},{"@type":"ImageObject","inLanguage":"en-US","@id":"https:\/\/sodiaal.coop\/en\/milk-butter-cream\/#primaryimage","url":"https:\/\/sodiaal.coop\/wp-content\/uploads\/2025\/02\/Sodiaal-produits-de-la-coop-Lait-creme-beurre-2-1-scaled-e1738751897622.jpg","contentUrl":"https:\/\/sodiaal.coop\/wp-content\/uploads\/2025\/02\/Sodiaal-produits-de-la-coop-Lait-creme-beurre-2-1-scaled-e1738751897622.jpg","width":2880,"height":1920,"caption":"Produits laitiers de la coop\u00e9rative Sodial : Lait Cr\u00e8me Beurre"},{"@type":"BreadcrumbList","@id":"https:\/\/sodiaal.coop\/en\/milk-butter-cream\/#breadcrumb","itemListElement":[{"@type":"ListItem","position":1,"name":"Accueil","item":"https:\/\/sodiaal.coop\/en\/"},{"@type":"ListItem","position":2,"name":"Milk cream butter"}]},{"@type":"WebSite","@id":"https:\/\/sodiaal.coop\/en\/#website","url":"https:\/\/sodiaal.coop\/en\/","name":"Sodiaal","description":"Engag\u00e9s pour le meilleur des terroirs laitiers","publisher":{"@id":"https:\/\/sodiaal.coop\/en\/#organization"},"alternateName":"Coop\u00e9rative laiti\u00e8re fran\u00e7aise","potentialAction":[{"@type":"SearchAction","target":{"@type":"EntryPoint","urlTemplate":"https:\/\/sodiaal.coop\/en\/?s={search_term_string}"},"query-input":{"@type":"PropertyValueSpecification","valueRequired":true,"valueName":"search_term_string"}}],"inLanguage":"en-US"},{"@type":"Organization","@id":"https:\/\/sodiaal.coop\/en\/#organization","name":"Sodiaal","alternateName":"Coop\u00e9rative laiti\u00e8re fran\u00e7aise","url":"https:\/\/sodiaal.coop\/en\/","logo":{"@type":"ImageObject","inLanguage":"en-US","@id":"https:\/\/sodiaal.coop\/en\/#\/schema\/logo\/image\/","url":"https:\/\/sodiaal.coop\/wp-content\/uploads\/2022\/10\/Logo_Sodiaal.svg","contentUrl":"https:\/\/sodiaal.coop\/wp-content\/uploads\/2022\/10\/Logo_Sodiaal.svg","width":433,"height":194,"caption":"Sodiaal"},"image":{"@id":"https:\/\/sodiaal.coop\/en\/#\/schema\/logo\/image\/"},"sameAs":["https:\/\/www.facebook.com\/SodiaalCoop\/","https:\/\/x.com\/SodiaalCoop","https:\/\/www.linkedin.com\/company\/sodiaal\/","https:\/\/www.youtube.com\/@cooperativesodiaal3939"]}]}},"_links":{"self":[{"href":"https:\/\/sodiaal.coop\/en\/wp-json\/wp\/v2\/pages\/8188","targetHints":{"allow":["GET"]}}],"collection":[{"href":"https:\/\/sodiaal.coop\/en\/wp-json\/wp\/v2\/pages"}],"about":[{"href":"https:\/\/sodiaal.coop\/en\/wp-json\/wp\/v2\/types\/page"}],"author":[{"embeddable":true,"href":"https:\/\/sodiaal.coop\/en\/wp-json\/wp\/v2\/users\/3"}],"replies":[{"embeddable":true,"href":"https:\/\/sodiaal.coop\/en\/wp-json\/wp\/v2\/comments?post=8188"}],"version-history":[{"count":3,"href":"https:\/\/sodiaal.coop\/en\/wp-json\/wp\/v2\/pages\/8188\/revisions"}],"predecessor-version":[{"id":28334,"href":"https:\/\/sodiaal.coop\/en\/wp-json\/wp\/v2\/pages\/8188\/revisions\/28334"}],"wp:featuredmedia":[{"embeddable":true,"href":"https:\/\/sodiaal.coop\/en\/wp-json\/wp\/v2\/media\/25298"}],"wp:attachment":[{"href":"https:\/\/sodiaal.coop\/en\/wp-json\/wp\/v2\/media?parent=8188"}],"curies":[{"name":"wp","href":"https:\/\/api.w.org\/{rel}","templated":true}]}}